{"id":637,"date":"2017-02-24T13:08:47","date_gmt":"2017-02-24T13:08:47","guid":{"rendered":"http:\/\/property.cardiffcouncilwebteam.co.uk\/?page_id=637"},"modified":"2025-07-11T09:24:15","modified_gmt":"2025-07-11T09:24:15","slug":"hanes","status":"publish","type":"page","link":"https:\/\/www.cardiffcouncilproperty.com\/cy\/marchnad-caerdydd\/hanes\/","title":{"rendered":"Hanes Marchnad Caerdydd"},"content":{"rendered":"<div class=\"wpb-content-wrapper\"><p>[vc_row type=&#8221;full_width_section&#8221; bg_color=&#8221;#31343e&#8221; top_padding=&#8221;5&#8243; bottom_padding=&#8221;5&#8243; row_id=&#8221;markettop&#8221;][vc_column text_color=&#8221;light&#8221; width=&#8221;1\/1&#8243;][vc_raw_html]JTNDZGl2JTIwaWQlM0QlMjJtYXJrZXQtbGVmdCUyMiUzRSUzQ2klMjBjbGFzcyUzRCUyMmZhJTIwZmEtZ2F2ZWwlMjIlM0UlM0MlMkZpJTNFJTIwJTNDYSUyMHRpdGxlJTNEJTIyRWlkZG8lMjBDeW5nb3IlMjBDYWVyZHlkZCUyMiUyMGhyZWYlM0QlMjJodHRwJTNBJTJGJTJGZWlkZG9jeW5nb3JjYWVyZHlkZC5jb20lMkYlMjIlM0VFaWRkbyUyMEN5bmdvciUyMENhZXJkeWRkJTNDJTJGYSUzRSUzQyUyRmRpdiUzRSUwQSUzQ2RpdiUyMGlkJTNEJTIybWFya2V0LXJpZ2h0JTIyJTNFJTNDYSUyMGhyZWYlM0QlMjJodHRwJTNBJTJGJTJGd3d3LmNhcmRpZmZjb3VuY2lscHJvcGVydHkuY29tJTJGY2FyZGlmZi1tYXJrZXQlMkZtYXJrZXQtaGlzdG9yeSUyRiUyMiUzRUVuZ2xpc2glM0MlMkZhJTNFJTNDJTJGZGl2JTNF[\/vc_raw_html][\/vc_column][\/vc_row][vc_row bg_image=&#8221;209&#8243; top_padding=&#8221;175&#8243; bottom_padding=&#8221;45&#8243;][vc_column width=&#8221;1\/1&#8243;][vc_column_text]<\/p>\n<h1 class=\"headline font-special fontsize-xxxl fontweight-700 lh-13 align-left\" style=\"margin: 0 0 20px 0; color: #ffffff; text-shadow: 2px 2px 2px rgba(46, 44, 48, 1);\">Hanes Marchnad Caerdydd<\/h1>\n<p>[\/vc_column_text][\/vc_column][\/vc_row][vc_row type=&#8221;full_width_section&#8221; row_id=&#8221;marketmenu&#8221;][vc_column width=&#8221;1\/1&#8243;][vc_raw_html css=&#8221;&#8221;]JTIwJTNDdWwlMjBjbGFzcyUzRCUyMnRvcG5hdiUyMiUyMGlkJTNEJTIybXlUb3BuYXYlMjIlM0UlMEElMjAlM0NsaSUzRSUzQ2ElMjBocmVmJTNEJTIyJTJGY3klMkZtYXJjaG5hZC1jYWVyZHlkZCUyRiUyMiUyMHRpdGxlJTNEJTIySGFmYW4lMjAtJTIwTWFyY2huYWQlMjBDYWVyZHlkZCUyMiUyMCUzRSUzQ2klMjBjbGFzcyUzRCUyMmZhJTIwZmEtaG9tZSUyMiUyMGFyaWEtaGlkZGVuJTNEJTIydHJ1ZSUyMiUzRSUzQyUyRmklM0UlMjBIYWZhbiUzQyUyRmElM0UlM0MlMkZsaSUzRSUwQSUyMCUyMCUzQ2xpJTNFJTNDYSUyMGhyZWYlM0QlMjIlMkZjeSUyRm1hcmNobmFkLWNhZXJkeWRkJTJGeW13ZWxkJTJGJTIyJTIwdGl0bGUlM0QlMjJFaWNoJTIweW13ZWxkJTIwJUMzJUEyJTIwTWFyY2huYWQlMjBDYWVyZHlkZCUyMiUzRVltd2VsZCUzQyUyRmElM0UlM0MlMkZsaSUzRSUwQSUyMCUyMCUzQ2xpJTNFJTNDYSUyMGhyZWYlM0QlMjIlMkZjeSUyRm1hcmNobmFkLWNhZXJkeWRkJTJGbWFzbmFjaHd5ciUyRiUyMiUyMHRpdGxlJTNEJTIyTWFzbmFjaHd5ciUyME1hcmNobmFkJTIwQ2FlcmR5ZGQlMjIlMjAlM0VNYXNuYWNod3lyJTNDJTJGYSUzRSUzQyUyRmxpJTNFJTBBJTIwJTIwJTNDbGklM0UlM0NhJTIwaHJlZiUzRCUyMiUyRmN5JTJGbWFyY2huYWQtY2FlcmR5ZGQlMkZoYW5lcyUyRiUyMiUyMHRpdGxlJTNEJTIySGFuZXMlMjBNYXJjaG5hZCUyMENhZXJkeWRkJTIyJTIwY2xhc3MlM0QlMjJjdXJyZW50JTIyJTNFSGFuZXMlM0MlMkZhJTNFJTNDJTJGbGklM0UlMEElMjAlMjAlM0NsaSUzRSUzQ2ElMjBocmVmJTNEJTIyJTJGY3klMkZtYXJjaG5hZC1jYWVyZHlkZCUyRm9yaWVsJTJGJTIyJTIwdGl0bGUlM0QlMjJPcmllbCUyME1hcmNobmFkJTIwQ2FlcmR5ZGQlMjIlM0VPcmllbCUzQyUyRmElM0UlM0MlMkZsaSUzRSUzQ2xpJTNFJTNDYSUyMGhyZWYlM0QlMjIlMkZjeSUyRm1hcmNobmFkLWNhZXJkeWRkJTJGZ3duZXVkLWNhaXMtYW0tc3RvbmRpbiUyRiUyMiUyMHRpdGxlJTNEJTIyR3duZXVkJTIwY2FpcyUyMGFtJTIwc3RvbmRpbiUyMiUyMCUzRUd3bmV1ZCUyMGNhaXMlMjBhbSUyMHN0b25kaW4lM0MlMkZhJTNFJTNDJTJGbGklM0UlMEElMjAlMjAlM0NsaSUyMGNsYXNzJTNEJTIyaWNvbiUyMiUzRSUwQSUyMCUyMCUyMCUyMCUzQ2ElMjBocmVmJTNEJTIyamF2YXNjcmlwdCUzQXZvaWQlMjgwJTI5JTNCJTIyJTIwb25jbGljayUzRCUyMm15RnVuY3Rpb24lMjglMjklMjIlM0UlM0NpJTIwY2xhc3MlM0QlMjJmYSUyMGZhLWJhcnMlMjIlMjBhcmlhLWhpZGRlbiUzRCUyMnRydWUlMjIlM0UlM0MlMkZpJTNFJTIwRGV3aXNsZW4lM0MlMkZhJTNFJTBBJTIwJTIwJTNDJTJGbGklM0UlMEElM0MlMkZ1bCUzRSUwQSUzQ2RpdiUyMGlkJTNEJTIyY292aWQlMjIlM0UlM0NhJTIwaHJlZiUzRCUyMiUyRmN5JTJGbWFyY2huYWQtY2FlcmR5ZGQlMkZjb3ZpZC0xOS1vcmlhdS1hZ29yJTJGJTIyJTIwdGl0bGUlM0QlMjJDT1ZJRC0xOSUyMC0lMjBPcmlhdSUyMGFnb3IlMjIlM0UlM0NpJTIwY2xhc3MlM0QlMjJmYSUyMGZhLWluZm8tY2lyY2xlJTIyJTIwYXJpYS1oaWRkZW4lM0QlMjJ0cnVlJTIyJTNFJTNDJTJGaSUzRSUyMENPVklELTE5JTIwJTNBJTIwTWFyY2huYWQlMjBDYWVyZHlkZCUyMC0lMjBPcmlhdSUyMGFnb3IlM0MlMkZhJTNFJTNDJTJGZGl2JTNF[\/vc_raw_html][\/vc_column][\/vc_row][vc_row bg_image=&#8221;212&#8243; parallax_bg=&#8221;true&#8221; text_color=&#8221;light&#8221; top_padding=&#8221;45&#8243; bottom_padding=&#8221;45&#8243; class=&#8221;blueline&#8221;][vc_column column_padding=&#8221;padding-3&#8243; width=&#8221;1\/1&#8243;][vc_column_text]O\u2019r dechrau fel marchnad ffermwyr yn gwerthu da byw a chynnyrch fferm, mae Marchnad Caerdydd wedi esblygu dros y canrifoedd i ateb anghenion masnachwyr a chwsmeriaid yn lleol ac ymhellach. Mae\u2019n ganolfan lle ceir bwyd rhagorol ac mae amrywiaeth anferthol ar gynnig; mae gan y nodwedd amlwg hon o\u2019r ddinas hanes difyr dros ben.\u00a0 Darllenwch i ddysgu sut y gwnaeth y newidiadau effeithio ar fywyd bob dydd yn y ddinas, pwy fu\u2019n gyfrifol am ddylunio ac adeiladu\u2019r adeilad ac am r\u00f4l y farchnad yn natblygiad canol masnachol Caerdydd.[\/vc_column_text][\/vc_column][\/vc_row][vc_row type=&#8221;full_width_section&#8221;][vc_column animation=&#8221;fade-in-from-left&#8221; bg_color=&#8221;#eaeaea&#8221; bg_image=&#8221;208&#8243; column_center=&#8221;true&#8221; width=&#8221;1\/2&#8243;]<div class=\"spacer\" style=\"height: 300px;\"><\/div>[\/vc_column][vc_column animation=&#8221;fade-in-from-right&#8221; bg_color=&#8221;#25273b&#8221; column_padding=&#8221;padding-4&#8243; text_color=&#8221;light&#8221; width=&#8221;1\/2&#8243;][vc_column_text]Yn wreiddiol, carchar Caerdydd oedd yn safle presennol y farchnad; roedd y grocbren yn lle mae mynedfa ochr Heol Eglwys Fair nawr ac yma y crogwyd Dic Penderyn ar 13 Awst 1831. William Harpur, tirfesurydd y fwrdeistref, a ddyluniodd y farchnad ac fe\u2019i hagorwyd ym mis Mai 1891. Gwyddys y bu marchnad ffermwyr ar y safle ers y 18fed ganrif. Mae\u2019r farchnad yn cynnwys dau lawr o siopau: y llawr gwaelod a balconi sy\u2019n mynd o amgylch waliau\u2019r farchnad ar yr ochr fewnol. Mae\u2019r mynedfeydd ar Heol Eglwys Fair, Heol y Drindod ac ym mhen stryd gefn sy\u2019n arwain o Heol yr Eglwys.[\/vc_column_text][\/vc_column][\/vc_row][vc_row type=&#8221;full_width_section&#8221;][vc_column animation=&#8221;fade-in-from-left&#8221; bg_color=&#8221;#25273b&#8221; column_padding=&#8221;padding-4&#8243; column_center=&#8221;true&#8221; text_color=&#8221;light&#8221; width=&#8221;1\/2&#8243;][vc_column_text]Rhoddwyd cloc H. Samuel mawr y tu allan i\u2019r fynedfa yn Heol Fawr ym 1910. Mae\u2019r cloc sydd yno ar hyn o bryd yno ers 1963 (gan Smith o Derby) ac fe\u2019i hatgyweiriwyd am \u00a325,000 yn 2011. Mae\u2019r adeilad yn gofrestredig ers 1975 ac yng nghategori Gradd II. Mae\u2019r masnachwyr yn y farchnad yn cynnwys amrywiaeth o gynnyrch ffres, bwyd wedi ei goginio, danteithfwyd amrywiol a nwyddau. \u00a0Un masnachwr amlwg yw Ashton, y gwerthwyr pysgod, sydd yn \u00f4l pob s\u00f4n wedi bod yn masnachu yn y farchnad ym mynedfa Heol y Drindod ers 1866, yn gwerthu amrywiaeth o fwyd m\u00f4r ffres. Yn 2012, cawsant sylw yn y papur pan gwnaethant werthu cig llwynog m\u00f4r 20 troedfedd o hyd oedd yn pwyso 550 pwys. Masnachwr arall sydd yno ers amser yw The Market Deli, busnes teulu bychan sy\u2019n masnachu ers dros ganrif ac sydd yn yr un stondin ers 1928.[\/vc_column_text][\/vc_column][vc_column animation=&#8221;fade-in-from-right&#8221; bg_image=&#8221;210&#8243; width=&#8221;1\/2&#8243;]<div class=\"spacer\" style=\"height: 500px;\"><\/div>[\/vc_column][\/vc_row][vc_row bg_image=&#8221;292&#8243; parallax_bg=&#8221;true&#8221; top_padding=&#8221;35&#8243; bottom_padding=&#8221;35&#8243;][vc_column width=&#8221;1\/1&#8243;][vc_column_text]<\/p>\n<p style=\"text-align: center;\"><img loading=\"lazy\" decoding=\"async\" class=\"alignnone wp-image-172\" src=\"http:\/\/property.cardiffcouncilwebteam.co.uk\/wp-content\/uploads\/Market-Logo.jpg\" alt=\"Cardiff Central Market logo\" width=\"89\" height=\"89\" srcset=\"https:\/\/www.cardiffcouncilproperty.com\/wp-content\/uploads\/Market-Logo.jpg 959w, https:\/\/www.cardiffcouncilproperty.com\/wp-content\/uploads\/Market-Logo-150x150.jpg 150w, https:\/\/www.cardiffcouncilproperty.com\/wp-content\/uploads\/Market-Logo-300x300.jpg 300w, https:\/\/www.cardiffcouncilproperty.com\/wp-content\/uploads\/Market-Logo-768x769.jpg 768w, https:\/\/www.cardiffcouncilproperty.com\/wp-content\/uploads\/Market-Logo-80x80.jpg 80w, https:\/\/www.cardiffcouncilproperty.com\/wp-content\/uploads\/Market-Logo-500x500.jpg 500w\" sizes=\"auto, (max-width: 89px) 100vw, 89px\" \/><br \/>\nGwybodaeth o <a href=\"https:\/\/en.wikipedia.org\/wiki\/Cardiff_Market\" target=\"\" rel=\"noopener noreferrer\">Wicipedia<\/a>, y gwyddoniadur rhad ac am ddim.<\/p>\n<p>[\/vc_column_text][vc_raw_js]JTNDc2NyaXB0JTNFJTBBZnVuY3Rpb24lMjBteUZ1bmN0aW9uJTI4JTI5JTIwJTdCJTBBJTIwJTIwJTIwJTIwdmFyJTIweCUyMCUzRCUyMGRvY3VtZW50LmdldEVsZW1lbnRCeUlkJTI4JTIybXlUb3BuYXYlMjIlMjklM0IlMEElMjAlMjAlMjAlMjBpZiUyMCUyOHguY2xhc3NOYW1lJTIwJTNEJTNEJTNEJTIwJTIydG9wbmF2JTIyJTI5JTIwJTdCJTBBJTIwJTIwJTIwJTIwJTIwJTIwJTIwJTIweC5jbGFzc05hbWUlMjAlMkIlM0QlMjAlMjIlMjByZXNwb25zaXZlJTIyJTNCJTBBJTIwJTIwJTIwJTIwJTdEJTIwZWxzZSUyMCU3QiUwQSUyMCUyMCUyMCUyMCUyMCUyMCUyMCUyMHguY2xhc3NOYW1lJTIwJTNEJTIwJTIydG9wbmF2JTIyJTNCJTBBJTIwJTIwJTIwJTIwJTdEJTBBJTdEJTBBJTNDJTJGc2NyaXB0JTNF[\/vc_raw_js][\/vc_column][\/vc_row]<\/p>\n<\/div>","protected":false},"excerpt":{"rendered":"<p>[vc_row type=&#8221;full_width_section&#8221; bg_color=&#8221;#31343e&#8221; top_padding=&#8221;5&#8243; bottom_padding=&#8221;5&#8243; row_id=&#8221;markettop&#8221;][vc_column text_color=&#8221;light&#8221; width=&#8221;1\/1&#8243;][vc_raw_html]JTNDZGl2JTIwaWQlM0QlMjJtYXJrZXQtbGVmdCUyMiUzRSUzQ2klMjBjbGFzcyUzRCUyMmZhJTIwZmEtZ2F2ZWwlMjIlM0UlM0MlMkZpJTNFJTIwJTNDYSUyMHRpdGxlJTNEJTIyRWlkZG8lMjBDeW5nb3IlMjBDYWVyZHlkZCUyMiUyMGhyZWYlM0QlMjJodHRwJTNBJTJGJTJGZWlkZG9jeW5nb3JjYWVyZHlkZC5jb20lMkYlMjIlM0VFaWRkbyUyMEN5bmdvciUyMENhZXJkeWRkJTNDJTJGYSUzRSUzQyUyRmRpdiUzRSUwQSUzQ2RpdiUyMGlkJTNEJTIybWFya2V0LXJpZ2h0JTIyJTNFJTNDYSUyMGhyZWYlM0QlMjJodHRwJTNBJTJGJTJGd3d3LmNhcmRpZmZjb3VuY2lscHJvcGVydHkuY29tJTJGY2FyZGlmZi1tYXJrZXQlMkZtYXJrZXQtaGlzdG9yeSUyRiUyMiUzRUVuZ2xpc2glM0MlMkZhJTNFJTNDJTJGZGl2JTNF[\/vc_raw_html][\/vc_column][\/vc_row][vc_row bg_image=&#8221;209&#8243; top_padding=&#8221;175&#8243; bottom_padding=&#8221;45&#8243;][vc_column width=&#8221;1\/1&#8243;][vc_column_text] Hanes Marchnad Caerdydd [\/vc_column_text][\/vc_column][\/vc_row][vc_row type=&#8221;full_width_section&#8221; row_id=&#8221;marketmenu&#8221;][vc_column width=&#8221;1\/1&#8243;][vc_raw_html css=&#8221;&#8221;]JTIwJTNDdWwlMjBjbGFzcyUzRCUyMnRvcG5hdiUyMiUyMGlkJTNEJTIybXlUb3BuYXYlMjIlM0UlMEElMjAlM0NsaSUzRSUzQ2ElMjBocmVmJTNEJTIyJTJGY3klMkZtYXJjaG5hZC1jYWVyZHlkZCUyRiUyMiUyMHRpdGxlJTNEJTIySGFmYW4lMjAtJTIwTWFyY2huYWQlMjBDYWVyZHlkZCUyMiUyMCUzRSUzQ2klMjBjbGFzcyUzRCUyMmZhJTIwZmEtaG9tZSUyMiUyMGFyaWEtaGlkZGVuJTNEJTIydHJ1ZSUyMiUzRSUzQyUyRmklM0UlMjBIYWZhbiUzQyUyRmElM0UlM0MlMkZsaSUzRSUwQSUyMCUyMCUzQ2xpJTNFJTNDYSUyMGhyZWYlM0QlMjIlMkZjeSUyRm1hcmNobmFkLWNhZXJkeWRkJTJGeW13ZWxkJTJGJTIyJTIwdGl0bGUlM0QlMjJFaWNoJTIweW13ZWxkJTIwJUMzJUEyJTIwTWFyY2huYWQlMjBDYWVyZHlkZCUyMiUzRVltd2VsZCUzQyUyRmElM0UlM0MlMkZsaSUzRSUwQSUyMCUyMCUzQ2xpJTNFJTNDYSUyMGhyZWYlM0QlMjIlMkZjeSUyRm1hcmNobmFkLWNhZXJkeWRkJTJGbWFzbmFjaHd5ciUyRiUyMiUyMHRpdGxlJTNEJTIyTWFzbmFjaHd5ciUyME1hcmNobmFkJTIwQ2FlcmR5ZGQlMjIlMjAlM0VNYXNuYWNod3lyJTNDJTJGYSUzRSUzQyUyRmxpJTNFJTBBJTIwJTIwJTNDbGklM0UlM0NhJTIwaHJlZiUzRCUyMiUyRmN5JTJGbWFyY2huYWQtY2FlcmR5ZGQlMkZoYW5lcyUyRiUyMiUyMHRpdGxlJTNEJTIySGFuZXMlMjBNYXJjaG5hZCUyMENhZXJkeWRkJTIyJTIwY2xhc3MlM0QlMjJjdXJyZW50JTIyJTNFSGFuZXMlM0MlMkZhJTNFJTNDJTJGbGklM0UlMEElMjAlMjAlM0NsaSUzRSUzQ2ElMjBocmVmJTNEJTIyJTJGY3klMkZtYXJjaG5hZC1jYWVyZHlkZCUyRm9yaWVsJTJGJTIyJTIwdGl0bGUlM0QlMjJPcmllbCUyME1hcmNobmFkJTIwQ2FlcmR5ZGQlMjIlM0VPcmllbCUzQyUyRmElM0UlM0MlMkZsaSUzRSUzQ2xpJTNFJTNDYSUyMGhyZWYlM0QlMjIlMkZjeSUyRm1hcmNobmFkLWNhZXJkeWRkJTJGZ3duZXVkLWNhaXMtYW0tc3RvbmRpbiUyRiUyMiUyMHRpdGxlJTNEJTIyR3duZXVkJTIwY2FpcyUyMGFtJTIwc3RvbmRpbiUyMiUyMCUzRUd3bmV1ZCUyMGNhaXMlMjBhbSUyMHN0b25kaW4lM0MlMkZhJTNFJTNDJTJGbGklM0UlMEElMjAlMjAlM0NsaSUyMGNsYXNzJTNEJTIyaWNvbiUyMiUzRSUwQSUyMCUyMCUyMCUyMCUzQ2ElMjBocmVmJTNEJTIyamF2YXNjcmlwdCUzQXZvaWQlMjgwJTI5JTNCJTIyJTIwb25jbGljayUzRCUyMm15RnVuY3Rpb24lMjglMjklMjIlM0UlM0NpJTIwY2xhc3MlM0QlMjJmYSUyMGZhLWJhcnMlMjIlMjBhcmlhLWhpZGRlbiUzRCUyMnRydWUlMjIlM0UlM0MlMkZpJTNFJTIwRGV3aXNsZW4lM0MlMkZhJTNFJTBBJTIwJTIwJTNDJTJGbGklM0UlMEElM0MlMkZ1bCUzRSUwQSUzQ2RpdiUyMGlkJTNEJTIyY292aWQlMjIlM0UlM0NhJTIwaHJlZiUzRCUyMiUyRmN5JTJGbWFyY2huYWQtY2FlcmR5ZGQlMkZjb3ZpZC0xOS1vcmlhdS1hZ29yJTJGJTIyJTIwdGl0bGUlM0QlMjJDT1ZJRC0xOSUyMC0lMjBPcmlhdSUyMGFnb3IlMjIlM0UlM0NpJTIwY2xhc3MlM0QlMjJmYSUyMGZhLWluZm8tY2lyY2xlJTIyJTIwYXJpYS1oaWRkZW4lM0QlMjJ0cnVlJTIyJTNFJTNDJTJGaSUzRSUyMENPVklELTE5JTIwJTNBJTIwTWFyY2huYWQlMjBDYWVyZHlkZCUyMC0lMjBPcmlhdSUyMGFnb3IlM0MlMkZhJTNFJTNDJTJGZGl2JTNF[\/vc_raw_html][\/vc_column][\/vc_row][vc_row bg_image=&#8221;212&#8243; parallax_bg=&#8221;true&#8221; text_color=&#8221;light&#8221; top_padding=&#8221;45&#8243; bottom_padding=&#8221;45&#8243; class=&#8221;blueline&#8221;][vc_column column_padding=&#8221;padding-3&#8243; width=&#8221;1\/1&#8243;][vc_column_text]O\u2019r dechrau fel marchnad ffermwyr yn gwerthu da byw a chynnyrch fferm, mae Marchnad Caerdydd wedi esblygu dros y canrifoedd i ateb anghenion masnachwyr a chwsmeriaid yn lleol ac ymhellach. Mae\u2019n ganolfan lle ceir bwyd rhagorol ac mae amrywiaeth anferthol ar gynnig; mae gan y nodwedd amlwg hon o\u2019r ddinas hanes difyr dros ben.\u00a0 Darllenwch i ddysgu sut y gwnaeth y newidiadau effeithio ar fywyd bob dydd yn y ddinas, pwy fu\u2019n gyfrifol am ddylunio ac adeiladu\u2019r adeilad ac am r\u00f4l y farchnad yn natblygiad canol masnachol Caerdydd.[\/vc_column_text][\/vc_column][\/vc_row][vc_row type=&#8221;full_width_section&#8221;][vc_column animation=&#8221;fade-in-from-left&#8221; bg_color=&#8221;#eaeaea&#8221; bg_image=&#8221;208&#8243; column_center=&#8221;true&#8221; width=&#8221;1\/2&#8243;][\/vc_column][vc_column animation=&#8221;fade-in-from-right&#8221; bg_color=&#8221;#25273b&#8221; column_padding=&#8221;padding-4&#8243; text_color=&#8221;light&#8221; width=&#8221;1\/2&#8243;][vc_column_text]Yn wreiddiol, carchar Caerdydd oedd yn safle presennol y farchnad; roedd y grocbren yn lle mae mynedfa ochr Heol Eglwys Fair nawr ac yma y crogwyd Dic Penderyn ar 13 Awst 1831. William Harpur, tirfesurydd y fwrdeistref, a ddyluniodd y farchnad ac fe\u2019i hagorwyd ym mis Mai 1891. Gwyddys y bu marchnad ffermwyr ar y safle ers y 18fed ganrif. Mae\u2019r farchnad yn cynnwys dau lawr o siopau: y llawr gwaelod a balconi sy\u2019n mynd [&hellip;]<\/p>\n","protected":false},"author":1,"featured_media":0,"parent":595,"menu_order":0,"comment_status":"closed","ping_status":"closed","template":"","meta":{"_acf_changed":false,"footnotes":""},"class_list":["post-637","page","type-page","status-publish","hentry"],"acf":[],"yoast_head":"<!-- This site is optimized with the Yoast SEO plugin v27.2 - https:\/\/yoast.com\/product\/yoast-seo-wordpress\/ -->\n<title>Hanes Marchnad Caerdydd - Cardiff Council Property<\/title>\n<meta name=\"description\" content=\"Dewch i ddysgu am hanes Marchnad Caerdydd, sy\u2019n dyddio\u2019n \u00f4l i 1891.\" \/>\n<meta name=\"robots\" content=\"index, follow, max-snippet:-1, max-image-preview:large, max-video-preview:-1\" \/>\n<link rel=\"canonical\" href=\"https:\/\/www.cardiffcouncilproperty.com\/cardiff-market\/market-history\/\" \/>\n<meta property=\"og:locale\" content=\"en_US\" \/>\n<meta property=\"og:type\" content=\"article\" \/>\n<meta property=\"og:title\" content=\"Hanes Marchnad Caerdydd - Cardiff Council Property\" \/>\n<meta property=\"og:description\" content=\"Dewch i ddysgu am hanes Marchnad Caerdydd, sy\u2019n dyddio\u2019n \u00f4l i 1891.\" \/>\n<meta property=\"og:url\" content=\"https:\/\/www.cardiffcouncilproperty.com\/cardiff-market\/market-history\/\" \/>\n<meta property=\"og:site_name\" content=\"Cardiff Council Property\" \/>\n<meta property=\"article:modified_time\" content=\"2025-07-11T09:24:15+00:00\" \/>\n<meta property=\"og:image\" content=\"http:\/\/property.cardiffcouncilwebteam.co.uk\/wp-content\/uploads\/Market-Logo.jpg\" \/>\n<meta name=\"twitter:card\" content=\"summary_large_image\" \/>\n<meta name=\"twitter:site\" content=\"@cardiffcouncil\" \/>\n<meta name=\"twitter:label1\" content=\"Est. reading time\" \/>\n\t<meta name=\"twitter:data1\" content=\"3 munud\" \/>\n<script type=\"application\/ld+json\" class=\"yoast-schema-graph\">{\"@context\":\"https:\/\/schema.org\",\"@graph\":[{\"@type\":\"WebPage\",\"@id\":\"https:\/\/www.cardiffcouncilproperty.com\/cardiff-market\/market-history\/\",\"url\":\"https:\/\/www.cardiffcouncilproperty.com\/cardiff-market\/market-history\/\",\"name\":\"Hanes Marchnad Caerdydd - Cardiff Council Property\",\"isPartOf\":{\"@id\":\"https:\/\/www.cardiffcouncilproperty.com\/#website\"},\"primaryImageOfPage\":{\"@id\":\"https:\/\/www.cardiffcouncilproperty.com\/cardiff-market\/market-history\/#primaryimage\"},\"image\":{\"@id\":\"https:\/\/www.cardiffcouncilproperty.com\/cardiff-market\/market-history\/#primaryimage\"},\"thumbnailUrl\":\"http:\/\/property.cardiffcouncilwebteam.co.uk\/wp-content\/uploads\/Market-Logo.jpg\",\"datePublished\":\"2017-02-24T13:08:47+00:00\",\"dateModified\":\"2025-07-11T09:24:15+00:00\",\"description\":\"Dewch i ddysgu am hanes Marchnad Caerdydd, sy\u2019n dyddio\u2019n \u00f4l i 1891.\",\"breadcrumb\":{\"@id\":\"https:\/\/www.cardiffcouncilproperty.com\/cardiff-market\/market-history\/#breadcrumb\"},\"inLanguage\":\"cy\",\"potentialAction\":[{\"@type\":\"ReadAction\",\"target\":[\"https:\/\/www.cardiffcouncilproperty.com\/cardiff-market\/market-history\/\"]}]},{\"@type\":\"ImageObject\",\"inLanguage\":\"cy\",\"@id\":\"https:\/\/www.cardiffcouncilproperty.com\/cardiff-market\/market-history\/#primaryimage\",\"url\":\"http:\/\/property.cardiffcouncilwebteam.co.uk\/wp-content\/uploads\/Market-Logo.jpg\",\"contentUrl\":\"http:\/\/property.cardiffcouncilwebteam.co.uk\/wp-content\/uploads\/Market-Logo.jpg\"},{\"@type\":\"BreadcrumbList\",\"@id\":\"https:\/\/www.cardiffcouncilproperty.com\/cardiff-market\/market-history\/#breadcrumb\",\"itemListElement\":[{\"@type\":\"ListItem\",\"position\":1,\"name\":\"Home\",\"item\":\"https:\/\/www.cardiffcouncilproperty.com\/cy\/\"},{\"@type\":\"ListItem\",\"position\":2,\"name\":\"Marchnad Caerdydd\",\"item\":\"https:\/\/www.cardiffcouncilproperty.com\/cy\/marchnad-caerdydd\/\"},{\"@type\":\"ListItem\",\"position\":3,\"name\":\"Hanes Marchnad Caerdydd\"}]},{\"@type\":\"WebSite\",\"@id\":\"https:\/\/www.cardiffcouncilproperty.com\/#website\",\"url\":\"https:\/\/www.cardiffcouncilproperty.com\/\",\"name\":\"Cardiff Council Property\",\"description\":\"Property available\",\"potentialAction\":[{\"@type\":\"SearchAction\",\"target\":{\"@type\":\"EntryPoint\",\"urlTemplate\":\"https:\/\/www.cardiffcouncilproperty.com\/?s={search_term_string}\"},\"query-input\":{\"@type\":\"PropertyValueSpecification\",\"valueRequired\":true,\"valueName\":\"search_term_string\"}}],\"inLanguage\":\"cy\"}]}<\/script>\n<!-- \/ Yoast SEO plugin. -->","yoast_head_json":{"title":"Hanes Marchnad Caerdydd - Cardiff Council Property","description":"Dewch i ddysgu am hanes Marchnad Caerdydd, sy\u2019n dyddio\u2019n \u00f4l i 1891.","robots":{"index":"index","follow":"follow","max-snippet":"max-snippet:-1","max-image-preview":"max-image-preview:large","max-video-preview":"max-video-preview:-1"},"canonical":"https:\/\/www.cardiffcouncilproperty.com\/cardiff-market\/market-history\/","og_locale":"en_US","og_type":"article","og_title":"Hanes Marchnad Caerdydd - Cardiff Council Property","og_description":"Dewch i ddysgu am hanes Marchnad Caerdydd, sy\u2019n dyddio\u2019n \u00f4l i 1891.","og_url":"https:\/\/www.cardiffcouncilproperty.com\/cardiff-market\/market-history\/","og_site_name":"Cardiff Council Property","article_modified_time":"2025-07-11T09:24:15+00:00","og_image":[{"url":"http:\/\/property.cardiffcouncilwebteam.co.uk\/wp-content\/uploads\/Market-Logo.jpg","type":"","width":"","height":""}],"twitter_card":"summary_large_image","twitter_site":"@cardiffcouncil","twitter_misc":{"Est. reading time":"3 munud"},"schema":{"@context":"https:\/\/schema.org","@graph":[{"@type":"WebPage","@id":"https:\/\/www.cardiffcouncilproperty.com\/cardiff-market\/market-history\/","url":"https:\/\/www.cardiffcouncilproperty.com\/cardiff-market\/market-history\/","name":"Hanes Marchnad Caerdydd - Cardiff Council Property","isPartOf":{"@id":"https:\/\/www.cardiffcouncilproperty.com\/#website"},"primaryImageOfPage":{"@id":"https:\/\/www.cardiffcouncilproperty.com\/cardiff-market\/market-history\/#primaryimage"},"image":{"@id":"https:\/\/www.cardiffcouncilproperty.com\/cardiff-market\/market-history\/#primaryimage"},"thumbnailUrl":"http:\/\/property.cardiffcouncilwebteam.co.uk\/wp-content\/uploads\/Market-Logo.jpg","datePublished":"2017-02-24T13:08:47+00:00","dateModified":"2025-07-11T09:24:15+00:00","description":"Dewch i ddysgu am hanes Marchnad Caerdydd, sy\u2019n dyddio\u2019n \u00f4l i 1891.","breadcrumb":{"@id":"https:\/\/www.cardiffcouncilproperty.com\/cardiff-market\/market-history\/#breadcrumb"},"inLanguage":"cy","potentialAction":[{"@type":"ReadAction","target":["https:\/\/www.cardiffcouncilproperty.com\/cardiff-market\/market-history\/"]}]},{"@type":"ImageObject","inLanguage":"cy","@id":"https:\/\/www.cardiffcouncilproperty.com\/cardiff-market\/market-history\/#primaryimage","url":"http:\/\/property.cardiffcouncilwebteam.co.uk\/wp-content\/uploads\/Market-Logo.jpg","contentUrl":"http:\/\/property.cardiffcouncilwebteam.co.uk\/wp-content\/uploads\/Market-Logo.jpg"},{"@type":"BreadcrumbList","@id":"https:\/\/www.cardiffcouncilproperty.com\/cardiff-market\/market-history\/#breadcrumb","itemListElement":[{"@type":"ListItem","position":1,"name":"Home","item":"https:\/\/www.cardiffcouncilproperty.com\/cy\/"},{"@type":"ListItem","position":2,"name":"Marchnad Caerdydd","item":"https:\/\/www.cardiffcouncilproperty.com\/cy\/marchnad-caerdydd\/"},{"@type":"ListItem","position":3,"name":"Hanes Marchnad Caerdydd"}]},{"@type":"WebSite","@id":"https:\/\/www.cardiffcouncilproperty.com\/#website","url":"https:\/\/www.cardiffcouncilproperty.com\/","name":"Cardiff Council Property","description":"Property available","potentialAction":[{"@type":"SearchAction","target":{"@type":"EntryPoint","urlTemplate":"https:\/\/www.cardiffcouncilproperty.com\/?s={search_term_string}"},"query-input":{"@type":"PropertyValueSpecification","valueRequired":true,"valueName":"search_term_string"}}],"inLanguage":"cy"}]}},"_links":{"self":[{"href":"https:\/\/www.cardiffcouncilproperty.com\/cy\/wp-json\/wp\/v2\/pages\/637","targetHints":{"allow":["GET"]}}],"collection":[{"href":"https:\/\/www.cardiffcouncilproperty.com\/cy\/wp-json\/wp\/v2\/pages"}],"about":[{"href":"https:\/\/www.cardiffcouncilproperty.com\/cy\/wp-json\/wp\/v2\/types\/page"}],"author":[{"embeddable":true,"href":"https:\/\/www.cardiffcouncilproperty.com\/cy\/wp-json\/wp\/v2\/users\/1"}],"replies":[{"embeddable":true,"href":"https:\/\/www.cardiffcouncilproperty.com\/cy\/wp-json\/wp\/v2\/comments?post=637"}],"version-history":[{"count":6,"href":"https:\/\/www.cardiffcouncilproperty.com\/cy\/wp-json\/wp\/v2\/pages\/637\/revisions"}],"predecessor-version":[{"id":4289,"href":"https:\/\/www.cardiffcouncilproperty.com\/cy\/wp-json\/wp\/v2\/pages\/637\/revisions\/4289"}],"up":[{"embeddable":true,"href":"https:\/\/www.cardiffcouncilproperty.com\/cy\/wp-json\/wp\/v2\/pages\/595"}],"wp:attachment":[{"href":"https:\/\/www.cardiffcouncilproperty.com\/cy\/wp-json\/wp\/v2\/media?parent=637"}],"curies":[{"name":"wp","href":"https:\/\/api.w.org\/{rel}","templated":true}]}}